{"id":3922,"date":"2023-06-11T11:32:43","date_gmt":"2023-06-11T09:32:43","guid":{"rendered":"http:\/\/henningdenkler.photography\/?page_id=3922"},"modified":"2025-11-13T11:29:54","modified_gmt":"2025-11-13T09:29:54","slug":"3922-2","status":"publish","type":"page","link":"https:\/\/henningdenkler.de\/","title":{"rendered":""},"content":{"rendered":"\n<h2 class=\"wp-block-heading has-text-align-center\">Herzlich willkommen beim Henning sein Leben!<\/h2>\n\n\n\n<p><\/p>\n\n\n\n<figure class=\"wp-block-gallery has-nested-images columns-4 is-cropped wp-block-gallery-1 is-layout-flex wp-block-gallery-is-layout-flex\">\n<figure class=\"wp-block-image size-medium\"><img fetchpriority=\"high\" decoding=\"async\" width=\"245\" height=\"300\" data-id=\"7\" src=\"http:\/\/henningdenkler.photography\/wp-content\/uploads\/2019\/05\/EingangsIch-SKETCH-245x300.jpg\" alt=\"\" class=\"wp-image-7\" srcset=\"https:\/\/henningdenkler.de\/wp-content\/uploads\/2019\/05\/EingangsIch-SKETCH-245x300.jpg 245w, https:\/\/henningdenkler.de\/wp-content\/uploads\/2019\/05\/EingangsIch-SKETCH-768x939.jpg 768w, https:\/\/henningdenkler.de\/wp-content\/uploads\/2019\/05\/EingangsIch-SKETCH-838x1024.jpg 838w\" sizes=\"(max-width: 245px) 100vw, 245px\" \/><\/figure>\n\n\n\n<figure class=\"wp-block-image size-medium\"><img decoding=\"async\" width=\"245\" height=\"300\" data-id=\"11\" src=\"http:\/\/henningdenkler.photography\/wp-content\/uploads\/2019\/05\/EingansIch5-SKETCH-245x300.jpg\" alt=\"\" class=\"wp-image-11\" srcset=\"https:\/\/henningdenkler.de\/wp-content\/uploads\/2019\/05\/EingansIch5-SKETCH-245x300.jpg 245w, https:\/\/henningdenkler.de\/wp-content\/uploads\/2019\/05\/EingansIch5-SKETCH-768x942.jpg 768w, https:\/\/henningdenkler.de\/wp-content\/uploads\/2019\/05\/EingansIch5-SKETCH-835x1024.jpg 835w\" sizes=\"(max-width: 245px) 100vw, 245px\" \/><\/figure>\n\n\n\n<figure class=\"wp-block-image size-medium\"><img decoding=\"async\" width=\"245\" height=\"300\" data-id=\"10\" src=\"http:\/\/henningdenkler.photography\/wp-content\/uploads\/2019\/05\/EingangsIch4-SKETCH-245x300.jpg\" alt=\"\" class=\"wp-image-10\" srcset=\"https:\/\/henningdenkler.de\/wp-content\/uploads\/2019\/05\/EingangsIch4-SKETCH-245x300.jpg 245w, https:\/\/henningdenkler.de\/wp-content\/uploads\/2019\/05\/EingangsIch4-SKETCH-768x940.jpg 768w, https:\/\/henningdenkler.de\/wp-content\/uploads\/2019\/05\/EingangsIch4-SKETCH-837x1024.jpg 837w\" sizes=\"(max-width: 245px) 100vw, 245px\" \/><\/figure>\n\n\n\n<figure class=\"wp-block-image size-medium\"><img loading=\"lazy\" decoding=\"async\" width=\"245\" height=\"300\" data-id=\"9\" src=\"http:\/\/henningdenkler.photography\/wp-content\/uploads\/2019\/05\/EingangsIch3-SKETCH-245x300.jpg\" alt=\"\" class=\"wp-image-9\" srcset=\"https:\/\/henningdenkler.de\/wp-content\/uploads\/2019\/05\/EingangsIch3-SKETCH-245x300.jpg 245w, https:\/\/henningdenkler.de\/wp-content\/uploads\/2019\/05\/EingangsIch3-SKETCH-768x942.jpg 768w, https:\/\/henningdenkler.de\/wp-content\/uploads\/2019\/05\/EingangsIch3-SKETCH-835x1024.jpg 835w\" sizes=\"(max-width: 245px) 100vw, 245px\" \/><\/figure>\n<figcaption class=\"blocks-gallery-caption wp-element-caption\">Das sind meine Bilder, Geschichten und Projekte.<\/figcaption><\/figure>\n\n\n\n<p><\/p>\n\n\n\n<div class=\"wp-block-media-text alignwide is-stacked-on-mobile is-image-fill-element has-very-light-gray-to-cyan-bluish-gray-gradient-background has-background\"><figure class=\"wp-block-media-text__media\"><a href=\"http:\/\/henningdenkler.photography\/?page_id=456\"><img loading=\"lazy\" decoding=\"async\" width=\"543\" height=\"434\" src=\"http:\/\/henningdenkler.photography\/wp-content\/uploads\/2021\/03\/WiRS-Logo-klein.png\" alt=\"Walking in Remscheid Titelbild und Logo\" class=\"wp-image-2510 size-full\" style=\"object-position:60% 43%\" srcset=\"https:\/\/henningdenkler.de\/wp-content\/uploads\/2021\/03\/WiRS-Logo-klein.png 543w, https:\/\/henningdenkler.de\/wp-content\/uploads\/2021\/03\/WiRS-Logo-klein-300x240.png 300w, https:\/\/henningdenkler.de\/wp-content\/uploads\/2021\/03\/WiRS-Logo-klein-24x19.png 24w, https:\/\/henningdenkler.de\/wp-content\/uploads\/2021\/03\/WiRS-Logo-klein-36x29.png 36w, https:\/\/henningdenkler.de\/wp-content\/uploads\/2021\/03\/WiRS-Logo-klein-48x38.png 48w\" sizes=\"(max-width: 543px) 100vw, 543px\" \/><\/a><\/figure><div class=\"wp-block-media-text__content\">\n<p><strong>Das Stra\u00dfenwanderungsprojekt<\/strong><\/p>\n\n\n\n<p class=\"has-small-font-size\">Einmal auf allen Stra\u00dfen Remscheids gelaufen sein &#8211; das ist mein Ziel. Begleite mich auf meinem Weg und erlebe Remscheid als Zeitdokument.<\/p>\n<\/div><\/div>\n\n\n\n<p><\/p>\n\n\n\n<div class=\"wp-block-media-text alignwide is-stacked-on-mobile is-vertically-aligned-center is-image-fill-element has-very-light-gray-to-cyan-bluish-gray-gradient-background has-background\"><figure class=\"wp-block-media-text__media\"><a href=\"http:\/\/henningdenkler.photography\/?page_id=282\"><img loading=\"lazy\" decoding=\"async\" width=\"683\" height=\"1024\" src=\"http:\/\/henningdenkler.photography\/wp-content\/uploads\/2020\/12\/Reiseberichte-Titel-3SKETCH-683x1024.jpg\" alt=\"Bleistiftzeichnung des s\u00fcdlichen Manhattans, New York - Logobild f\u00fcr die Reiseseite\" class=\"wp-image-1873 size-large\" style=\"object-position:55% 20%\" srcset=\"https:\/\/henningdenkler.de\/wp-content\/uploads\/2020\/12\/Reiseberichte-Titel-3SKETCH-683x1024.jpg 683w, https:\/\/henningdenkler.de\/wp-content\/uploads\/2020\/12\/Reiseberichte-Titel-3SKETCH-200x300.jpg 200w, https:\/\/henningdenkler.de\/wp-content\/uploads\/2020\/12\/Reiseberichte-Titel-3SKETCH-768x1152.jpg 768w, https:\/\/henningdenkler.de\/wp-content\/uploads\/2020\/12\/Reiseberichte-Titel-3SKETCH-1024x1536.jpg 1024w, https:\/\/henningdenkler.de\/wp-content\/uploads\/2020\/12\/Reiseberichte-Titel-3SKETCH-1365x2048.jpg 1365w, https:\/\/henningdenkler.de\/wp-content\/uploads\/2020\/12\/Reiseberichte-Titel-3SKETCH-16x24.jpg 16w, https:\/\/henningdenkler.de\/wp-content\/uploads\/2020\/12\/Reiseberichte-Titel-3SKETCH-24x36.jpg 24w, https:\/\/henningdenkler.de\/wp-content\/uploads\/2020\/12\/Reiseberichte-Titel-3SKETCH-32x48.jpg 32w, https:\/\/henningdenkler.de\/wp-content\/uploads\/2020\/12\/Reiseberichte-Titel-3SKETCH.jpg 1600w\" sizes=\"(max-width: 683px) 100vw, 683px\" \/><\/a><\/figure><div class=\"wp-block-media-text__content\">\n<p><strong>Das Reisen<\/strong><\/p>\n\n\n\n<p class=\"has-small-font-size\">Erst sp\u00e4t im Leben, mit vierzig, waren die Umst\u00e4nde perfekt, um mir meinen Traum zu erf\u00fcllen: die USA. Nicht nur dort fand ich tolle Motive und Geschichten, die ich Euch gerne n\u00e4her bringen m\u00f6chte.<\/p>\n<\/div><\/div>\n\n\n\n<p><\/p>\n\n\n\n<div class=\"wp-block-media-text alignwide is-stacked-on-mobile is-vertically-aligned-center is-image-fill-element has-very-light-gray-to-cyan-bluish-gray-gradient-background has-background\"><figure class=\"wp-block-media-text__media\"><a href=\"http:\/\/henningdenkler.photography\/?page_id=280\"><img loading=\"lazy\" decoding=\"async\" width=\"683\" height=\"1024\" src=\"http:\/\/henningdenkler.photography\/wp-content\/uploads\/2021\/01\/Icon-Fotografie-683x1024.jpg\" alt=\"Bleistiftbild einer Fotoapparatesammlung und diverser Objektive und Zubeh\u00f6r - Logobild Fotografie\" class=\"wp-image-2000 size-large\" style=\"object-position:50% 55%\" srcset=\"https:\/\/henningdenkler.de\/wp-content\/uploads\/2021\/01\/Icon-Fotografie-683x1024.jpg 683w, https:\/\/henningdenkler.de\/wp-content\/uploads\/2021\/01\/Icon-Fotografie-200x300.jpg 200w, https:\/\/henningdenkler.de\/wp-content\/uploads\/2021\/01\/Icon-Fotografie-768x1152.jpg 768w, https:\/\/henningdenkler.de\/wp-content\/uploads\/2021\/01\/Icon-Fotografie-1024x1536.jpg 1024w, https:\/\/henningdenkler.de\/wp-content\/uploads\/2021\/01\/Icon-Fotografie-1365x2048.jpg 1365w, https:\/\/henningdenkler.de\/wp-content\/uploads\/2021\/01\/Icon-Fotografie-16x24.jpg 16w, https:\/\/henningdenkler.de\/wp-content\/uploads\/2021\/01\/Icon-Fotografie-24x36.jpg 24w, https:\/\/henningdenkler.de\/wp-content\/uploads\/2021\/01\/Icon-Fotografie-32x48.jpg 32w, https:\/\/henningdenkler.de\/wp-content\/uploads\/2021\/01\/Icon-Fotografie-scaled.jpg 1707w\" sizes=\"(max-width: 683px) 100vw, 683px\" \/><\/a><\/figure><div class=\"wp-block-media-text__content\">\n<p><strong>Die Fotografie<\/strong><\/p>\n\n\n\n<p class=\"has-small-font-size\">Seit der Aneignung von Papas Minolta X700 halte ich Momente auf Film und Karte fest. Inzwischen besitze ich ein kleines Fotostudio und habe Auftragsarbeiten angefertigt.<\/p>\n<\/div><\/div>\n\n\n\n<p><\/p>\n\n\n\n<div class=\"wp-block-media-text alignwide is-stacked-on-mobile is-vertically-aligned-center is-image-fill-element has-very-light-gray-to-cyan-bluish-gray-gradient-background has-background\"><figure class=\"wp-block-media-text__media\"><a href=\"http:\/\/henningdenkler.photography\/?page_id=31\"><img loading=\"lazy\" decoding=\"async\" width=\"683\" height=\"1024\" src=\"http:\/\/henningdenkler.photography\/wp-content\/uploads\/2020\/12\/Aviation-Sketch-683x1024.jpg\" alt=\"Bleistiftzeichnung einer Boeing 737-800 der American Airlines, startend von Boston Logan International Airport - Logobild f\u00fcr die Fliegereiseite\" class=\"wp-image-1877 size-large\" style=\"object-position:46% 66%\" srcset=\"https:\/\/henningdenkler.de\/wp-content\/uploads\/2020\/12\/Aviation-Sketch-683x1024.jpg 683w, https:\/\/henningdenkler.de\/wp-content\/uploads\/2020\/12\/Aviation-Sketch-200x300.jpg 200w, https:\/\/henningdenkler.de\/wp-content\/uploads\/2020\/12\/Aviation-Sketch-768x1152.jpg 768w, https:\/\/henningdenkler.de\/wp-content\/uploads\/2020\/12\/Aviation-Sketch-1024x1536.jpg 1024w, https:\/\/henningdenkler.de\/wp-content\/uploads\/2020\/12\/Aviation-Sketch-16x24.jpg 16w, https:\/\/henningdenkler.de\/wp-content\/uploads\/2020\/12\/Aviation-Sketch-24x36.jpg 24w, https:\/\/henningdenkler.de\/wp-content\/uploads\/2020\/12\/Aviation-Sketch-32x48.jpg 32w, https:\/\/henningdenkler.de\/wp-content\/uploads\/2020\/12\/Aviation-Sketch.jpg 1063w\" sizes=\"(max-width: 683px) 100vw, 683px\" \/><\/a><\/figure><div class=\"wp-block-media-text__content\">\n<p><strong>Die Fliegerei<\/strong><\/p>\n\n\n\n<p class=\"has-small-font-size\">Wieder Papas Schuld: 1983 wurde ich auf dem R\u00fccksitz einer Cessna 172 Skyhawk festgeschnallt und musste fliegen &#8211; Die Inkubationszeit war nicht lang und jetzt m\u00f6chte ich es immer wieder tun.<\/p>\n<\/div><\/div>\n\n\n\n<p><\/p>\n\n\n\n<div class=\"wp-block-media-text alignwide is-stacked-on-mobile is-vertically-aligned-center is-image-fill-element has-very-light-gray-to-cyan-bluish-gray-gradient-background has-background\"><figure class=\"wp-block-media-text__media\"><a href=\"http:\/\/henningdenkler.photography\/?page_id=278\"><img loading=\"lazy\" decoding=\"async\" width=\"683\" height=\"1024\" src=\"http:\/\/henningdenkler.photography\/wp-content\/uploads\/2020\/12\/Hobbies-Sketch-683x1024.jpg\" alt=\"Bleistiftzeichnung diverser Gegenst\u00e4nde meiner Hobbies: Gitarre, Zeichenstifte und Pinsel, B\u00fccher, Modellbau - Logobild der Hobbyseite\" class=\"wp-image-1889 size-large\" style=\"object-position:59% 40%\" srcset=\"https:\/\/henningdenkler.de\/wp-content\/uploads\/2020\/12\/Hobbies-Sketch-683x1024.jpg 683w, https:\/\/henningdenkler.de\/wp-content\/uploads\/2020\/12\/Hobbies-Sketch-200x300.jpg 200w, https:\/\/henningdenkler.de\/wp-content\/uploads\/2020\/12\/Hobbies-Sketch-768x1152.jpg 768w, https:\/\/henningdenkler.de\/wp-content\/uploads\/2020\/12\/Hobbies-Sketch-1024x1536.jpg 1024w, https:\/\/henningdenkler.de\/wp-content\/uploads\/2020\/12\/Hobbies-Sketch-1365x2048.jpg 1365w, https:\/\/henningdenkler.de\/wp-content\/uploads\/2020\/12\/Hobbies-Sketch-16x24.jpg 16w, https:\/\/henningdenkler.de\/wp-content\/uploads\/2020\/12\/Hobbies-Sketch-24x36.jpg 24w, https:\/\/henningdenkler.de\/wp-content\/uploads\/2020\/12\/Hobbies-Sketch-32x48.jpg 32w, https:\/\/henningdenkler.de\/wp-content\/uploads\/2020\/12\/Hobbies-Sketch-scaled.jpg 1707w\" sizes=\"(max-width: 683px) 100vw, 683px\" \/><\/a><\/figure><div class=\"wp-block-media-text__content\">\n<p>Die Hobbies<\/p>\n\n\n\n<p class=\"has-small-font-size\">Musik, Malerei, Holzwerken, Lesen, Gaming&#8230; was ich im Laufe des Lebens so aufgegabelt habe und mir Spa\u00df macht.<\/p>\n<\/div><\/div>\n\n\n\n<hr class=\"wp-block-separator has-alpha-channel-opacity\"\/>\n\n\n\n<p class=\"has-text-align-center has-small-font-size\">(c) 2023 Henning Denkler.<br>Keep calm and carry on.<\/p>\n","protected":false},"excerpt":{"rendered":"<p>Herzlich willkommen beim Henning sein Leben! Das Stra\u00dfenwanderungsprojekt Einmal auf allen Stra\u00dfen Remscheids gelaufen sein &#8211; das ist mein Ziel. Begleite mich auf meinem Weg und erlebe Remscheid als Zeitdokument. Das Reisen Erst sp\u00e4t im Leben, mit vierzig, waren die Umst\u00e4nde perfekt, um mir meinen Traum zu erf\u00fcllen: die USA. Nicht nur dort fand ich&#8230;<\/p>\n","protected":false},"author":1,"featured_media":0,"parent":0,"menu_order":0,"comment_status":"closed","ping_status":"closed","template":"","meta":{"footnotes":""},"class_list":["post-3922","page","type-page","status-publish","hentry"],"_links":{"self":[{"href":"https:\/\/henningdenkler.de\/index.php?rest_route=\/wp\/v2\/pages\/3922","targetHints":{"allow":["GET"]}}],"collection":[{"href":"https:\/\/henningdenkler.de\/index.php?rest_route=\/wp\/v2\/pages"}],"about":[{"href":"https:\/\/henningdenkler.de\/index.php?rest_route=\/wp\/v2\/types\/page"}],"author":[{"embeddable":true,"href":"https:\/\/henningdenkler.de\/index.php?rest_route=\/wp\/v2\/users\/1"}],"replies":[{"embeddable":true,"href":"https:\/\/henningdenkler.de\/index.php?rest_route=%2Fwp%2Fv2%2Fcomments&post=3922"}],"version-history":[{"count":12,"href":"https:\/\/henningdenkler.de\/index.php?rest_route=\/wp\/v2\/pages\/3922\/revisions"}],"predecessor-version":[{"id":4185,"href":"https:\/\/henningdenkler.de\/index.php?rest_route=\/wp\/v2\/pages\/3922\/revisions\/4185"}],"wp:attachment":[{"href":"https:\/\/henningdenkler.de\/index.php?rest_route=%2Fwp%2Fv2%2Fmedia&parent=3922"}],"curies":[{"name":"wp","href":"https:\/\/api.w.org\/{rel}","templated":true}]}}