{"id":64,"date":"2019-05-18T15:52:30","date_gmt":"2019-05-18T13:52:30","guid":{"rendered":"http:\/\/henningdenkler.photography\/?page_id=64"},"modified":"2020-10-21T10:57:48","modified_gmt":"2020-10-21T08:57:48","slug":"examensspotting-dus-mai-2019","status":"publish","type":"page","link":"https:\/\/henningdenkler.de\/?page_id=64","title":{"rendered":"Examensspotting DUS Mai 2019"},"content":{"rendered":"\n<div class=\"wp-block-cover aligncenter has-background-dim-30 has-very-dark-gray-background-color has-background-dim\" style=\"background-image:url(http:\/\/henningdenkler.photography\/wp-content\/uploads\/2019\/05\/IMG_6556.png)\"><div class=\"wp-block-cover__inner-container is-layout-flow wp-block-cover-is-layout-flow\">\n<p class=\"has-text-align-center has-large-font-size\">Examensspotting D\u00fcsseldorf<br>Mai 2019<\/p>\n<\/div><\/div>\n\n\n\n<p>W\u00e4hrend meine Anna in D\u00fcsseldorf zu ihrem dritten Staatsexamen Medizin antritt, verbringe ich die Zeit mit Kamera auf der Besucherterasse des D\u00fcsseldorfer Flughafens. Gleichzeitig ist es die Premiere meines neuen Tamron 150-600mm Telezoom-Objektivs. Hier sind die Ergebnisse.<\/p>\n\n\n\n<div class=\"wp-block-columns has-2-columns is-layout-flex wp-container-core-columns-is-layout-9d6595d7 wp-block-columns-is-layout-flex\">\n<div class=\"wp-block-column is-layout-flow wp-block-column-is-layout-flow\">\n<p>Datum:<\/p>\n<\/div>\n\n\n\n<div class=\"wp-block-column is-layout-flow wp-block-column-is-layout-flow\">\n<p>13. Mai 2019<\/p>\n<\/div>\n<\/div>\n\n\n\n<div class=\"wp-block-columns has-2-columns is-layout-flex wp-container-core-columns-is-layout-9d6595d7 wp-block-columns-is-layout-flex\">\n<div class=\"wp-block-column is-layout-flow wp-block-column-is-layout-flow\">\n<p>Standort:<\/p>\n<\/div>\n\n\n\n<div class=\"wp-block-column is-layout-flow wp-block-column-is-layout-flow\">\n<p>D\u00fcsseldorf International Aiport (DUS), Besucherterasse<\/p>\n<\/div>\n<\/div>\n\n\n\n<div class=\"wp-block-columns has-2-columns is-layout-flex wp-container-core-columns-is-layout-9d6595d7 wp-block-columns-is-layout-flex\">\n<div class=\"wp-block-column is-layout-flow wp-block-column-is-layout-flow\">\n<p>Equipment<\/p>\n<\/div>\n\n\n\n<div class=\"wp-block-column is-layout-flow wp-block-column-is-layout-flow\">\n<ul class=\"wp-block-list\"><li>Canon EOS 70D<\/li><li>Tamron 150 &#8211; 600 mm G2<\/li><li>Sigma 25-105mm<\/li><\/ul>\n<\/div>\n<\/div>\n\n\n\n<div class=\"wp-block-columns has-2-columns is-layout-flex wp-container-core-columns-is-layout-9d6595d7 wp-block-columns-is-layout-flex\">\n<div class=\"wp-block-column is-layout-flow wp-block-column-is-layout-flow\">\n<p>Flugzeuge<\/p>\n<\/div>\n\n\n\n<div class=\"wp-block-column is-layout-flow wp-block-column-is-layout-flow\">\n<ul class=\"wp-block-list\"><li>Airbus A220<\/li><li>Airbus A319<\/li><li>Airbus A320<\/li><li>Airbus A321<\/li><li>Airbus A330<\/li><li>ATR 72-500<\/li><li>Boeing 737-800<\/li><li>Boeing 767-400<\/li><li>Boeing 787-9 Dreamliner<\/li><li>Bombardier Dash-8 Q400<\/li><li>Embraer E-Jet<\/li><li>Dornier 328 Jet<\/li><\/ul>\n<\/div>\n<\/div>\n\n\n\n[Best_Wordpress_Gallery id=&#8220;1&#8243; gal_title=&#8220;Examensspotting 13.5.19 DUS&#8220;]\n","protected":false},"excerpt":{"rendered":"<p>W\u00e4hrend meine Anna in D\u00fcsseldorf zu ihrem dritten Staatsexamen Medizin antritt, verbringe ich die Zeit mit Kamera auf der Besucherterasse des D\u00fcsseldorfer Flughafens. Gleichzeitig ist es die Premiere meines neuen Tamron 150-600mm Telezoom-Objektivs. Hier sind die Ergebnisse. Datum: 13. Mai 2019 Standort: D\u00fcsseldorf International Aiport (DUS), Besucherterasse Equipment Canon EOS 70D Tamron 150 &#8211; 600&#8230;<\/p>\n","protected":false},"author":1,"featured_media":0,"parent":33,"menu_order":0,"comment_status":"open","ping_status":"closed","template":"","meta":{"footnotes":""},"class_list":["post-64","page","type-page","status-publish","hentry"],"_links":{"self":[{"href":"https:\/\/henningdenkler.de\/index.php?rest_route=\/wp\/v2\/pages\/64","targetHints":{"allow":["GET"]}}],"collection":[{"href":"https:\/\/henningdenkler.de\/index.php?rest_route=\/wp\/v2\/pages"}],"about":[{"href":"https:\/\/henningdenkler.de\/index.php?rest_route=\/wp\/v2\/types\/page"}],"author":[{"embeddable":true,"href":"https:\/\/henningdenkler.de\/index.php?rest_route=\/wp\/v2\/users\/1"}],"replies":[{"embeddable":true,"href":"https:\/\/henningdenkler.de\/index.php?rest_route=%2Fwp%2Fv2%2Fcomments&post=64"}],"version-history":[{"count":9,"href":"https:\/\/henningdenkler.de\/index.php?rest_route=\/wp\/v2\/pages\/64\/revisions"}],"predecessor-version":[{"id":627,"href":"https:\/\/henningdenkler.de\/index.php?rest_route=\/wp\/v2\/pages\/64\/revisions\/627"}],"up":[{"embeddable":true,"href":"https:\/\/henningdenkler.de\/index.php?rest_route=\/wp\/v2\/pages\/33"}],"wp:attachment":[{"href":"https:\/\/henningdenkler.de\/index.php?rest_route=%2Fwp%2Fv2%2Fmedia&parent=64"}],"curies":[{"name":"wp","href":"https:\/\/api.w.org\/{rel}","templated":true}]}}